{"id":3727,"date":"2023-07-01T09:37:25","date_gmt":"2023-07-01T09:37:25","guid":{"rendered":"https:\/\/webdevelop-er.com\/das-formular-wurde-erfolgreich-uebermittelt\/"},"modified":"2024-01-13T21:30:45","modified_gmt":"2024-01-13T21:30:45","slug":"das-formular-wurde-erfolgreich-uebermittelt","status":"publish","type":"page","link":"https:\/\/webdevelop-er.com\/de\/das-formular-wurde-erfolgreich-uebermittelt\/","title":{"rendered":"Das Formular wurde erfolgreich \u00fcbermittelt"},"content":{"rendered":"\t\t<div data-elementor-type=\"wp-page\" data-elementor-id=\"3727\" class=\"elementor elementor-3727 elementor-3010\">\r\n\t\t\t\t\t\t\t\t\t<section class=\"elementor-section elementor-top-section elementor-element elementor-element-5026467 elementor-section-boxed elementor-section-height-default elementor-section-height-default\" data-id=\"5026467\" data-element_type=\"section\">\r\n\t\t\t\t\t\t<div class=\"elementor-container elementor-column-gap-default\">\r\n\t\t\t\t\t<div class=\"elementor-column elementor-col-100 elementor-top-column elementor-element elementor-element-6a64f8f\" data-id=\"6a64f8f\" data-element_type=\"column\">\r\n\t\t\t<div class=\"elementor-widget-wrap elementor-element-populated\">\r\n\t\t\t\t\t\t\t\t<div class=\"elementor-element elementor-element-f6fa636 elementor-widget elementor-widget-heading\" data-id=\"f6fa636\" data-element_type=\"widget\" data-widget_type=\"heading.default\">\r\n\t\t\t\t<div class=\"elementor-widget-container\">\r\n\t\t\t<style>\/*! elementor - v3.14.0 - 26-06-2023 *\/\r\n.elementor-heading-title{padding:0;margin:0;line-height:1}.elementor-widget-heading .elementor-heading-title[class*=elementor-size-]>a{color:inherit;font-size:inherit;line-height:inherit}.elementor-widget-heading .elementor-heading-title.elementor-size-small{font-size:15px}.elementor-widget-heading .elementor-heading-title.elementor-size-medium{font-size:19px}.elementor-widget-heading .elementor-heading-title.elementor-size-large{font-size:29px}.elementor-widget-heading .elementor-heading-title.elementor-size-xl{font-size:39px}.elementor-widget-heading .elementor-heading-title.elementor-size-xxl{font-size:59px}<\/style><h2 class=\"elementor-heading-title elementor-size-default\">Das Formular wurde erfolgreich \u00fcbermittelt<\/h2>\t\t<\/div>\r\n\t\t\t\t<\/div>\r\n\t\t\t\t\t<\/div>\r\n\t\t<\/div>\r\n\t\t\t\t\t\t\t<\/div>\r\n\t\t<\/section>\r\n\t\t\t\t<section class=\"elementor-section elementor-top-section elementor-element elementor-element-e10186c elementor-section-boxed elementor-section-height-default elementor-section-height-default\" data-id=\"e10186c\" data-element_type=\"section\">\r\n\t\t\t\t\t\t<div class=\"elementor-container elementor-column-gap-default\">\r\n\t\t\t\t\t<div class=\"elementor-column elementor-col-100 elementor-top-column elementor-element elementor-element-68dbcf4\" data-id=\"68dbcf4\" data-element_type=\"column\">\r\n\t\t\t<div class=\"elementor-widget-wrap\">\r\n\t\t\t\t\t\t\t\t\t<\/div>\r\n\t\t<\/div>\r\n\t\t\t\t\t\t\t<\/div>\r\n\t\t<\/section>\r\n\t\t\t\t\t\t\t<\/div>\r\n\t\t","protected":false},"excerpt":{"rendered":"<p>Das Formular wurde erfolgreich \u00fcbermittelt<\/p>\n","protected":false},"author":1,"featured_media":0,"parent":0,"menu_order":0,"comment_status":"closed","ping_status":"closed","template":"","meta":{"site-sidebar-layout":"no-sidebar","site-content-layout":"page-builder","ast-global-header-display":"","ast-banner-title-visibility":"","ast-main-header-display":"","ast-hfb-above-header-display":"","ast-hfb-below-header-display":"","ast-hfb-mobile-header-display":"","site-post-title":"disabled","ast-breadcrumbs-content":"","ast-featured-img":"disabled","footer-sml-layout":"","theme-transparent-header-meta":"","adv-header-id-meta":"","stick-header-meta":"","header-above-stick-meta":"","header-main-stick-meta":"","header-below-stick-meta":"","footnotes":""},"class_list":["post-3727","page","type-page","status-publish","hentry"],"yoast_head":"<!-- This site is optimized with the Yoast SEO plugin v20.10 - https:\/\/yoast.com\/wordpress\/plugins\/seo\/ -->\n<title>Das Formular wurde erfolgreich \u00fcbermittelt - Webovky za ka\u010dku<\/title>\n<meta name=\"robots\" content=\"index, follow, max-snippet:-1, max-image-preview:large, max-video-preview:-1\" \/>\n<link rel=\"canonical\" href=\"https:\/\/webdevelop-er.com\/de\/das-formular-wurde-erfolgreich-uebermittelt\/\" \/>\n<meta property=\"og:locale\" content=\"de_DE\" \/>\n<meta property=\"og:type\" content=\"article\" \/>\n<meta property=\"og:title\" content=\"Das Formular wurde erfolgreich \u00fcbermittelt - Webovky za ka\u010dku\" \/>\n<meta property=\"og:description\" content=\"Das Formular wurde erfolgreich \u00fcbermittelt\" \/>\n<meta property=\"og:url\" content=\"https:\/\/webdevelop-er.com\/de\/das-formular-wurde-erfolgreich-uebermittelt\/\" \/>\n<meta property=\"og:site_name\" content=\"Webovky za ka\u010dku\" \/>\n<meta property=\"article:modified_time\" content=\"2024-01-13T21:30:45+00:00\" \/>\n<meta name=\"twitter:card\" content=\"summary_large_image\" \/>\n<script type=\"application\/ld+json\" class=\"yoast-schema-graph\">{\"@context\":\"https:\/\/schema.org\",\"@graph\":[{\"@type\":\"WebPage\",\"@id\":\"https:\/\/webdevelop-er.com\/de\/das-formular-wurde-erfolgreich-uebermittelt\/\",\"url\":\"https:\/\/webdevelop-er.com\/de\/das-formular-wurde-erfolgreich-uebermittelt\/\",\"name\":\"Das Formular wurde erfolgreich \u00fcbermittelt - Webovky za ka\u010dku\",\"isPartOf\":{\"@id\":\"https:\/\/webdevelop-er.com\/de\/#website\"},\"datePublished\":\"2023-07-01T09:37:25+00:00\",\"dateModified\":\"2024-01-13T21:30:45+00:00\",\"breadcrumb\":{\"@id\":\"https:\/\/webdevelop-er.com\/de\/das-formular-wurde-erfolgreich-uebermittelt\/#breadcrumb\"},\"inLanguage\":\"de\",\"potentialAction\":[{\"@type\":\"ReadAction\",\"target\":[\"https:\/\/webdevelop-er.com\/de\/das-formular-wurde-erfolgreich-uebermittelt\/\"]}]},{\"@type\":\"BreadcrumbList\",\"@id\":\"https:\/\/webdevelop-er.com\/de\/das-formular-wurde-erfolgreich-uebermittelt\/#breadcrumb\",\"itemListElement\":[{\"@type\":\"ListItem\",\"position\":1,\"name\":\"Dom\u016f\",\"item\":\"https:\/\/webdevelop-er.com\/de\/\"},{\"@type\":\"ListItem\",\"position\":2,\"name\":\"Das Formular wurde erfolgreich \u00fcbermittelt\"}]},{\"@type\":\"WebSite\",\"@id\":\"https:\/\/webdevelop-er.com\/de\/#website\",\"url\":\"https:\/\/webdevelop-er.com\/de\/\",\"name\":\"Webdevelop-er\",\"description\":\"Patrik Jones\",\"publisher\":{\"@id\":\"https:\/\/webdevelop-er.com\/de\/#organization\"},\"potentialAction\":[{\"@type\":\"SearchAction\",\"target\":{\"@type\":\"EntryPoint\",\"urlTemplate\":\"https:\/\/webdevelop-er.com\/de\/?s={search_term_string}\"},\"query-input\":\"required name=search_term_string\"}],\"inLanguage\":\"de\"},{\"@type\":\"Organization\",\"@id\":\"https:\/\/webdevelop-er.com\/de\/#organization\",\"name\":\"Webdevelop-er\",\"url\":\"https:\/\/webdevelop-er.com\/de\/\",\"logo\":{\"@type\":\"ImageObject\",\"inLanguage\":\"de\",\"@id\":\"https:\/\/webdevelop-er.com\/de\/#\/schema\/logo\/image\/\",\"url\":\"https:\/\/webdevelop-er.com\/wp-content\/uploads\/2021\/02\/webdeveloper-high-resolution-logo-transparent.png\",\"contentUrl\":\"https:\/\/webdevelop-er.com\/wp-content\/uploads\/2021\/02\/webdeveloper-high-resolution-logo-transparent.png\",\"width\":2000,\"height\":272,\"caption\":\"Webdevelop-er\"},\"image\":{\"@id\":\"https:\/\/webdevelop-er.com\/de\/#\/schema\/logo\/image\/\"}}]}<\/script>\n<!-- \/ Yoast SEO plugin. -->","yoast_head_json":{"title":"Das Formular wurde erfolgreich \u00fcbermittelt - Webovky za ka\u010dku","robots":{"index":"index","follow":"follow","max-snippet":"max-snippet:-1","max-image-preview":"max-image-preview:large","max-video-preview":"max-video-preview:-1"},"canonical":"https:\/\/webdevelop-er.com\/de\/das-formular-wurde-erfolgreich-uebermittelt\/","og_locale":"de_DE","og_type":"article","og_title":"Das Formular wurde erfolgreich \u00fcbermittelt - Webovky za ka\u010dku","og_description":"Das Formular wurde erfolgreich \u00fcbermittelt","og_url":"https:\/\/webdevelop-er.com\/de\/das-formular-wurde-erfolgreich-uebermittelt\/","og_site_name":"Webovky za ka\u010dku","article_modified_time":"2024-01-13T21:30:45+00:00","twitter_card":"summary_large_image","schema":{"@context":"https:\/\/schema.org","@graph":[{"@type":"WebPage","@id":"https:\/\/webdevelop-er.com\/de\/das-formular-wurde-erfolgreich-uebermittelt\/","url":"https:\/\/webdevelop-er.com\/de\/das-formular-wurde-erfolgreich-uebermittelt\/","name":"Das Formular wurde erfolgreich \u00fcbermittelt - Webovky za ka\u010dku","isPartOf":{"@id":"https:\/\/webdevelop-er.com\/de\/#website"},"datePublished":"2023-07-01T09:37:25+00:00","dateModified":"2024-01-13T21:30:45+00:00","breadcrumb":{"@id":"https:\/\/webdevelop-er.com\/de\/das-formular-wurde-erfolgreich-uebermittelt\/#breadcrumb"},"inLanguage":"de","potentialAction":[{"@type":"ReadAction","target":["https:\/\/webdevelop-er.com\/de\/das-formular-wurde-erfolgreich-uebermittelt\/"]}]},{"@type":"BreadcrumbList","@id":"https:\/\/webdevelop-er.com\/de\/das-formular-wurde-erfolgreich-uebermittelt\/#breadcrumb","itemListElement":[{"@type":"ListItem","position":1,"name":"Dom\u016f","item":"https:\/\/webdevelop-er.com\/de\/"},{"@type":"ListItem","position":2,"name":"Das Formular wurde erfolgreich \u00fcbermittelt"}]},{"@type":"WebSite","@id":"https:\/\/webdevelop-er.com\/de\/#website","url":"https:\/\/webdevelop-er.com\/de\/","name":"Webdevelop-er","description":"Patrik Jones","publisher":{"@id":"https:\/\/webdevelop-er.com\/de\/#organization"},"potentialAction":[{"@type":"SearchAction","target":{"@type":"EntryPoint","urlTemplate":"https:\/\/webdevelop-er.com\/de\/?s={search_term_string}"},"query-input":"required name=search_term_string"}],"inLanguage":"de"},{"@type":"Organization","@id":"https:\/\/webdevelop-er.com\/de\/#organization","name":"Webdevelop-er","url":"https:\/\/webdevelop-er.com\/de\/","logo":{"@type":"ImageObject","inLanguage":"de","@id":"https:\/\/webdevelop-er.com\/de\/#\/schema\/logo\/image\/","url":"https:\/\/webdevelop-er.com\/wp-content\/uploads\/2021\/02\/webdeveloper-high-resolution-logo-transparent.png","contentUrl":"https:\/\/webdevelop-er.com\/wp-content\/uploads\/2021\/02\/webdeveloper-high-resolution-logo-transparent.png","width":2000,"height":272,"caption":"Webdevelop-er"},"image":{"@id":"https:\/\/webdevelop-er.com\/de\/#\/schema\/logo\/image\/"}}]}},"_links":{"self":[{"href":"https:\/\/webdevelop-er.com\/de\/wp-json\/wp\/v2\/pages\/3727","targetHints":{"allow":["GET"]}}],"collection":[{"href":"https:\/\/webdevelop-er.com\/de\/wp-json\/wp\/v2\/pages"}],"about":[{"href":"https:\/\/webdevelop-er.com\/de\/wp-json\/wp\/v2\/types\/page"}],"author":[{"embeddable":true,"href":"https:\/\/webdevelop-er.com\/de\/wp-json\/wp\/v2\/users\/1"}],"replies":[{"embeddable":true,"href":"https:\/\/webdevelop-er.com\/de\/wp-json\/wp\/v2\/comments?post=3727"}],"version-history":[{"count":1,"href":"https:\/\/webdevelop-er.com\/de\/wp-json\/wp\/v2\/pages\/3727\/revisions"}],"predecessor-version":[{"id":3728,"href":"https:\/\/webdevelop-er.com\/de\/wp-json\/wp\/v2\/pages\/3727\/revisions\/3728"}],"wp:attachment":[{"href":"https:\/\/webdevelop-er.com\/de\/wp-json\/wp\/v2\/media?parent=3727"}],"curies":[{"name":"wp","href":"https:\/\/api.w.org\/{rel}","templated":true}]}}