{"id":3743,"date":"2023-06-22T15:23:52","date_gmt":"2023-06-22T15:23:52","guid":{"rendered":"https:\/\/webdevelop-er.com\/starten-sie-den-fragebogen\/"},"modified":"2023-06-22T15:23:52","modified_gmt":"2023-06-22T15:23:52","slug":"starten-sie-den-fragebogen","status":"publish","type":"page","link":"https:\/\/webdevelop-er.com\/de\/starten-sie-den-fragebogen\/","title":{"rendered":"Starten Sie den Fragebogen"},"content":{"rendered":"<p>&nbsp;<\/p>\n<p><iframe id=\"JotFormIFrame-231782613136353\" style=\"min-width: 100%; max-width: 100%; height: 539px; border: none;\" title=\"Fragebogen f\u00fcr Empfehlungen und individuelle Angebote\" src=\"https:\/\/form.jotform.com\/231782613136353\" frameborder=\"0\" scrolling=\"no\" allowfullscreen=\"allowfullscreen\"><br \/>\n<\/iframe><\/p>\n","protected":false},"excerpt":{"rendered":"<p>&nbsp;<\/p>\n","protected":false},"author":1,"featured_media":0,"parent":0,"menu_order":0,"comment_status":"closed","ping_status":"closed","template":"","meta":{"site-sidebar-layout":"no-sidebar","site-content-layout":"page-builder","ast-global-header-display":"","ast-banner-title-visibility":"","ast-main-header-display":"","ast-hfb-above-header-display":"","ast-hfb-below-header-display":"","ast-hfb-mobile-header-display":"","site-post-title":"disabled","ast-breadcrumbs-content":"","ast-featured-img":"disabled","footer-sml-layout":"","theme-transparent-header-meta":"default","adv-header-id-meta":"","stick-header-meta":"","header-above-stick-meta":"","header-main-stick-meta":"","header-below-stick-meta":"","footnotes":""},"class_list":["post-3743","page","type-page","status-publish","hentry"],"yoast_head":"<!-- This site is optimized with the Yoast SEO plugin v20.10 - https:\/\/yoast.com\/wordpress\/plugins\/seo\/ -->\n<title>Fragebogen | Webovkyzakacku.cz<\/title>\n<meta name=\"description\" content=\"Bitte f\u00fcllen Sie den folgenden Fragebogen aus, damit wir Ihnen ein ma\u00dfgeschneidertes Angebot und eine Empfehlung unterbreiten k\u00f6nnen.\" \/>\n<meta name=\"robots\" content=\"index, follow, max-snippet:-1, max-image-preview:large, max-video-preview:-1\" \/>\n<link rel=\"canonical\" href=\"https:\/\/webdevelop-er.com\/de\/starten-sie-den-fragebogen\/\" \/>\n<meta property=\"og:locale\" content=\"de_DE\" \/>\n<meta property=\"og:type\" content=\"article\" \/>\n<meta property=\"og:title\" content=\"Fragebogen | Webovkyzakacku.cz\" \/>\n<meta property=\"og:description\" content=\"Bitte f\u00fcllen Sie den folgenden Fragebogen aus, damit wir Ihnen ein ma\u00dfgeschneidertes Angebot und eine Empfehlung unterbreiten k\u00f6nnen.\" \/>\n<meta property=\"og:url\" content=\"https:\/\/webdevelop-er.com\/de\/starten-sie-den-fragebogen\/\" \/>\n<meta property=\"og:site_name\" content=\"Webovky za ka\u010dku\" \/>\n<meta name=\"twitter:card\" content=\"summary_large_image\" \/>\n<script type=\"application\/ld+json\" class=\"yoast-schema-graph\">{\"@context\":\"https:\/\/schema.org\",\"@graph\":[{\"@type\":\"WebPage\",\"@id\":\"https:\/\/webdevelop-er.com\/de\/starten-sie-den-fragebogen\/\",\"url\":\"https:\/\/webdevelop-er.com\/de\/starten-sie-den-fragebogen\/\",\"name\":\"Fragebogen | Webovkyzakacku.cz\",\"isPartOf\":{\"@id\":\"https:\/\/webdevelop-er.com\/de\/#website\"},\"datePublished\":\"2023-06-22T15:23:52+00:00\",\"dateModified\":\"2023-06-22T15:23:52+00:00\",\"description\":\"Bitte f\u00fcllen Sie den folgenden Fragebogen aus, damit wir Ihnen ein ma\u00dfgeschneidertes Angebot und eine Empfehlung unterbreiten k\u00f6nnen.\",\"breadcrumb\":{\"@id\":\"https:\/\/webdevelop-er.com\/de\/starten-sie-den-fragebogen\/#breadcrumb\"},\"inLanguage\":\"de\",\"potentialAction\":[{\"@type\":\"ReadAction\",\"target\":[\"https:\/\/webdevelop-er.com\/de\/starten-sie-den-fragebogen\/\"]}]},{\"@type\":\"BreadcrumbList\",\"@id\":\"https:\/\/webdevelop-er.com\/de\/starten-sie-den-fragebogen\/#breadcrumb\",\"itemListElement\":[{\"@type\":\"ListItem\",\"position\":1,\"name\":\"Dom\u016f\",\"item\":\"https:\/\/webdevelop-er.com\/de\/\"},{\"@type\":\"ListItem\",\"position\":2,\"name\":\"Starten Sie den Fragebogen\"}]},{\"@type\":\"WebSite\",\"@id\":\"https:\/\/webdevelop-er.com\/de\/#website\",\"url\":\"https:\/\/webdevelop-er.com\/de\/\",\"name\":\"Webdevelop-er\",\"description\":\"Patrik Jones\",\"publisher\":{\"@id\":\"https:\/\/webdevelop-er.com\/de\/#organization\"},\"potentialAction\":[{\"@type\":\"SearchAction\",\"target\":{\"@type\":\"EntryPoint\",\"urlTemplate\":\"https:\/\/webdevelop-er.com\/de\/?s={search_term_string}\"},\"query-input\":\"required name=search_term_string\"}],\"inLanguage\":\"de\"},{\"@type\":\"Organization\",\"@id\":\"https:\/\/webdevelop-er.com\/de\/#organization\",\"name\":\"Webdevelop-er\",\"url\":\"https:\/\/webdevelop-er.com\/de\/\",\"logo\":{\"@type\":\"ImageObject\",\"inLanguage\":\"de\",\"@id\":\"https:\/\/webdevelop-er.com\/de\/#\/schema\/logo\/image\/\",\"url\":\"https:\/\/webdevelop-er.com\/wp-content\/uploads\/2021\/02\/webdeveloper-high-resolution-logo-transparent.png\",\"contentUrl\":\"https:\/\/webdevelop-er.com\/wp-content\/uploads\/2021\/02\/webdeveloper-high-resolution-logo-transparent.png\",\"width\":2000,\"height\":272,\"caption\":\"Webdevelop-er\"},\"image\":{\"@id\":\"https:\/\/webdevelop-er.com\/de\/#\/schema\/logo\/image\/\"}}]}<\/script>\n<!-- \/ Yoast SEO plugin. -->","yoast_head_json":{"title":"Fragebogen | Webovkyzakacku.cz","description":"Bitte f\u00fcllen Sie den folgenden Fragebogen aus, damit wir Ihnen ein ma\u00dfgeschneidertes Angebot und eine Empfehlung unterbreiten k\u00f6nnen.","robots":{"index":"index","follow":"follow","max-snippet":"max-snippet:-1","max-image-preview":"max-image-preview:large","max-video-preview":"max-video-preview:-1"},"canonical":"https:\/\/webdevelop-er.com\/de\/starten-sie-den-fragebogen\/","og_locale":"de_DE","og_type":"article","og_title":"Fragebogen | Webovkyzakacku.cz","og_description":"Bitte f\u00fcllen Sie den folgenden Fragebogen aus, damit wir Ihnen ein ma\u00dfgeschneidertes Angebot und eine Empfehlung unterbreiten k\u00f6nnen.","og_url":"https:\/\/webdevelop-er.com\/de\/starten-sie-den-fragebogen\/","og_site_name":"Webovky za ka\u010dku","twitter_card":"summary_large_image","schema":{"@context":"https:\/\/schema.org","@graph":[{"@type":"WebPage","@id":"https:\/\/webdevelop-er.com\/de\/starten-sie-den-fragebogen\/","url":"https:\/\/webdevelop-er.com\/de\/starten-sie-den-fragebogen\/","name":"Fragebogen | Webovkyzakacku.cz","isPartOf":{"@id":"https:\/\/webdevelop-er.com\/de\/#website"},"datePublished":"2023-06-22T15:23:52+00:00","dateModified":"2023-06-22T15:23:52+00:00","description":"Bitte f\u00fcllen Sie den folgenden Fragebogen aus, damit wir Ihnen ein ma\u00dfgeschneidertes Angebot und eine Empfehlung unterbreiten k\u00f6nnen.","breadcrumb":{"@id":"https:\/\/webdevelop-er.com\/de\/starten-sie-den-fragebogen\/#breadcrumb"},"inLanguage":"de","potentialAction":[{"@type":"ReadAction","target":["https:\/\/webdevelop-er.com\/de\/starten-sie-den-fragebogen\/"]}]},{"@type":"BreadcrumbList","@id":"https:\/\/webdevelop-er.com\/de\/starten-sie-den-fragebogen\/#breadcrumb","itemListElement":[{"@type":"ListItem","position":1,"name":"Dom\u016f","item":"https:\/\/webdevelop-er.com\/de\/"},{"@type":"ListItem","position":2,"name":"Starten Sie den Fragebogen"}]},{"@type":"WebSite","@id":"https:\/\/webdevelop-er.com\/de\/#website","url":"https:\/\/webdevelop-er.com\/de\/","name":"Webdevelop-er","description":"Patrik Jones","publisher":{"@id":"https:\/\/webdevelop-er.com\/de\/#organization"},"potentialAction":[{"@type":"SearchAction","target":{"@type":"EntryPoint","urlTemplate":"https:\/\/webdevelop-er.com\/de\/?s={search_term_string}"},"query-input":"required name=search_term_string"}],"inLanguage":"de"},{"@type":"Organization","@id":"https:\/\/webdevelop-er.com\/de\/#organization","name":"Webdevelop-er","url":"https:\/\/webdevelop-er.com\/de\/","logo":{"@type":"ImageObject","inLanguage":"de","@id":"https:\/\/webdevelop-er.com\/de\/#\/schema\/logo\/image\/","url":"https:\/\/webdevelop-er.com\/wp-content\/uploads\/2021\/02\/webdeveloper-high-resolution-logo-transparent.png","contentUrl":"https:\/\/webdevelop-er.com\/wp-content\/uploads\/2021\/02\/webdeveloper-high-resolution-logo-transparent.png","width":2000,"height":272,"caption":"Webdevelop-er"},"image":{"@id":"https:\/\/webdevelop-er.com\/de\/#\/schema\/logo\/image\/"}}]}},"_links":{"self":[{"href":"https:\/\/webdevelop-er.com\/de\/wp-json\/wp\/v2\/pages\/3743","targetHints":{"allow":["GET"]}}],"collection":[{"href":"https:\/\/webdevelop-er.com\/de\/wp-json\/wp\/v2\/pages"}],"about":[{"href":"https:\/\/webdevelop-er.com\/de\/wp-json\/wp\/v2\/types\/page"}],"author":[{"embeddable":true,"href":"https:\/\/webdevelop-er.com\/de\/wp-json\/wp\/v2\/users\/1"}],"replies":[{"embeddable":true,"href":"https:\/\/webdevelop-er.com\/de\/wp-json\/wp\/v2\/comments?post=3743"}],"version-history":[{"count":0,"href":"https:\/\/webdevelop-er.com\/de\/wp-json\/wp\/v2\/pages\/3743\/revisions"}],"wp:attachment":[{"href":"https:\/\/webdevelop-er.com\/de\/wp-json\/wp\/v2\/media?parent=3743"}],"curies":[{"name":"wp","href":"https:\/\/api.w.org\/{rel}","templated":true}]}}