{"id":3744,"date":"2023-06-19T13:31:01","date_gmt":"2023-06-19T13:31:01","guid":{"rendered":"https:\/\/webdevelop-er.com\/seite-datenschutz\/"},"modified":"2024-01-13T22:02:26","modified_gmt":"2024-01-13T22:02:26","slug":"seite-datenschutz","status":"publish","type":"page","link":"https:\/\/webdevelop-er.com\/de\/seite-datenschutz\/","title":{"rendered":"Seite Datenschutz"},"content":{"rendered":"\t\t<div data-elementor-type=\"wp-page\" data-elementor-id=\"3744\" class=\"elementor elementor-3744 elementor-3\">\r\n\t\t\t\t\t\t\t\t\t<section class=\"elementor-section elementor-top-section elementor-element elementor-element-5a72dd98 elementor-section-boxed elementor-section-height-default elementor-section-height-default\" data-id=\"5a72dd98\" data-element_type=\"section\">\r\n\t\t\t\t\t\t<div class=\"elementor-container elementor-column-gap-default\">\r\n\t\t\t\t\t<div class=\"elementor-column elementor-col-100 elementor-top-column elementor-element elementor-element-4838cc69\" data-id=\"4838cc69\" data-element_type=\"column\">\r\n\t\t\t<div class=\"elementor-widget-wrap elementor-element-populated\">\r\n\t\t\t\t\t\t\t\t<div class=\"elementor-element elementor-element-63686df7 elementor-widget elementor-widget-text-editor\" data-id=\"63686df7\" data-element_type=\"widget\" data-widget_type=\"text-editor.default\">\r\n\t\t\t\t<div class=\"elementor-widget-container\">\r\n\t\t\t<style>\/*! elementor - v3.14.0 - 26-06-2023 *\/\r\n.elementor-widget-text-editor.elementor-drop-cap-view-stacked .elementor-drop-cap{background-color:#69727d;color:#fff}.elementor-widget-text-editor.elementor-drop-cap-view-framed .elementor-drop-cap{color:#69727d;border:3px solid;background-color:transparent}.elementor-widget-text-editor:not(.elementor-drop-cap-view-default) .elementor-drop-cap{margin-top:8px}.elementor-widget-text-editor:not(.elementor-drop-cap-view-default) .elementor-drop-cap-letter{width:1em;height:1em}.elementor-widget-text-editor .elementor-drop-cap{float:left;text-align:center;line-height:1;font-size:50px}.elementor-widget-text-editor .elementor-drop-cap-letter{display:inline-block}<\/style>\t\t\t\t<h2><br><\/h2>\n<p><span class=\"\">Der Schutz und die Sicherheit Ihrer pers\u00f6nlichen Daten hat f\u00fcr mich, wie auch f\u00fcr Patrik Jones, mit Sitz in \u0160kolsk\u00e1 612, 564 01 \u017damberk, ID: 17434297, eingetragen im Handelsregister, absolute Priorit\u00e4t. In meiner Funktion als f\u00fcr die Datenverarbeitung Verantwortlicher arbeite ich gem\u00e4\u00df der Verordnung (EU) Nr. 2016\/679 des Europ\u00e4ischen Parlaments und des Rates zum Schutz nat\u00fcrlicher Personen (die &#8220;Verordnung&#8221;).<\/span><\/p>\n<p><span class=\"\">&nbsp;<\/span><\/p>\n<p><b><span class=\"\">Art der erhobenen Daten <br><\/span><\/b><\/p>\n<p><span class=\"\">Ich kann die folgenden Daten sammeln und verarbeiten: <br><\/span><\/p>\n<p><span class=\"\">Vorname und Nachname <br><\/span><\/p>\n<p><span class=\"\">E-mail <br><\/span><\/p>\n<p><span class=\"\">Rufnummer <br><\/span><\/p>\n<p><span class=\"\">Diese Informationen erm\u00f6glichen es mir, mit Ihnen zu kommunizieren und auf Ihre Nachrichten oder Anfragen zu antworten. <br><\/span><\/p>\n<p><span class=\"\">&nbsp;<\/span><\/p>\n<p><b><span class=\"\">Dauer der Datenverarbeitung <br><\/span><\/b><\/p>\n<p><span class=\"\">Ihre Daten werden so lange verarbeitet, wie es f\u00fcr die Erbringung der unter diesen Vertrag fallenden Dienstleistungen erforderlich ist. <br><\/span><\/p>\n<p><span class=\"\">&nbsp;<\/span><\/p>\n<p><b><span class=\"\">Einwilligung in die Datenverarbeitung <br><\/span><\/b><\/p>\n<p><span class=\"\">Die Angabe Ihrer pers\u00f6nlichen Daten ist v\u00f6llig freiwillig und Sie k\u00f6nnen Ihre Zustimmung jederzeit widerrufen. <br><\/span><\/p>\n<p><span class=\"\">Sie k\u00f6nnen dies zum Beispiel tun, indem Sie eine E-Mail an <strong>jones@webdevelop-er.com<\/strong> oder \u00fcber das gleiche Kontaktformular, mit dem Sie diese Daten erhalten. <br><\/span><\/p>\n<p><span class=\"\">&nbsp;<\/span><\/p>\n<p><b><span class=\"\">Sicherheit der Datenverarbeitung <br><\/span><\/b><\/p>\n<p><span class=\"\">Als alleiniger Verantwortlicher verarbeite und speichere ich Ihre pers\u00f6nlichen Daten unter Einhaltung der h\u00f6chstm\u00f6glichen Sicherheitsstandards.<\/span><\/p>\n<p><span class=\"\">&nbsp;<\/span><\/p>\n<p><b><span class=\"\">Ihre Rechte <br><\/span><\/b><\/p>\n<p><span class=\"\">Gem\u00e4\u00df der Verordnung haben Sie das Recht auf: <br><\/span><\/p>\n<p><span class=\"\">Sie k\u00f6nnen Ihre Einwilligung jederzeit widerrufen. <br><\/span><\/p>\n<p><span class=\"\">Sie k\u00f6nnen Auskunft dar\u00fcber verlangen, welche personenbezogenen Daten ich \u00fcber Sie verarbeite, und eine Kopie dieser Daten anfordern. <br><\/span><\/p>\n<p><span class=\"\">Beantragen Sie Zugang zu diesen Daten und lassen Sie sie aktualisieren oder korrigieren. <br><\/span><\/p>\n<p><span class=\"\">Beantragen Sie Einschr\u00e4nkungen bei der Bearbeitung. die L\u00f6schung dieser personenbezogenen Daten zu beantragen.<\/span><\/p>\t\t\t\t\t\t<\/div>\r\n\t\t\t\t<\/div>\r\n\t\t\t\t\t<\/div>\r\n\t\t<\/div>\r\n\t\t\t\t\t\t\t<\/div>\r\n\t\t<\/section>\r\n\t\t\t\t\t\t\t<\/div>\r\n\t\t","protected":false},"excerpt":{"rendered":"<p>Der Schutz und die Sicherheit Ihrer pers\u00f6nlichen Daten hat f\u00fcr mich, wie auch f\u00fcr Patrik Jones, mit Sitz in \u0160kolsk\u00e1 612, 564 01 \u017damberk, ID: 17434297, eingetragen im Handelsregister, absolute Priorit\u00e4t. In meiner Funktion als f\u00fcr die Datenverarbeitung Verantwortlicher arbeite ich gem\u00e4\u00df der Verordnung (EU) Nr. 2016\/679 des Europ\u00e4ischen Parlaments und des Rates zum Schutz &hellip;<\/p>\n<p class=\"read-more\"> <a class=\"\" href=\"https:\/\/webdevelop-er.com\/de\/seite-datenschutz\/\"> <span class=\"screen-reader-text\">Seite Datenschutz<\/span> Weiterlesen &raquo;<\/a><\/p>\n","protected":false},"author":1,"featured_media":0,"parent":0,"menu_order":0,"comment_status":"closed","ping_status":"closed","template":"","meta":{"site-sidebar-layout":"default","site-content-layout":"default","ast-global-header-display":"","ast-banner-title-visibility":"","ast-main-header-display":"","ast-hfb-above-header-display":"","ast-hfb-below-header-display":"","ast-hfb-mobile-header-display":"","site-post-title":"","ast-breadcrumbs-content":"","ast-featured-img":"","footer-sml-layout":"","theme-transparent-header-meta":"default","adv-header-id-meta":"","stick-header-meta":"","header-above-stick-meta":"","header-main-stick-meta":"","header-below-stick-meta":"","footnotes":""},"class_list":["post-3744","page","type-page","status-publish","hentry"],"yoast_head":"<!-- This site is optimized with the Yoast SEO plugin v20.10 - https:\/\/yoast.com\/wordpress\/plugins\/seo\/ -->\n<title>Seite Datenschutz - Webovky za ka\u010dku<\/title>\n<meta name=\"robots\" content=\"index, follow, max-snippet:-1, max-image-preview:large, max-video-preview:-1\" \/>\n<link rel=\"canonical\" href=\"https:\/\/webdevelop-er.com\/de\/seite-datenschutz\/\" \/>\n<meta property=\"og:locale\" content=\"de_DE\" \/>\n<meta property=\"og:type\" content=\"article\" \/>\n<meta property=\"og:title\" content=\"Seite Datenschutz - Webovky za ka\u010dku\" \/>\n<meta property=\"og:description\" content=\"Der Schutz und die Sicherheit Ihrer pers\u00f6nlichen Daten hat f\u00fcr mich, wie auch f\u00fcr Patrik Jones, mit Sitz in \u0160kolsk\u00e1 612, 564 01 \u017damberk, ID: 17434297, eingetragen im Handelsregister, absolute Priorit\u00e4t. In meiner Funktion als f\u00fcr die Datenverarbeitung Verantwortlicher arbeite ich gem\u00e4\u00df der Verordnung (EU) Nr. 2016\/679 des Europ\u00e4ischen Parlaments und des Rates zum Schutz &hellip; Seite Datenschutz Weiterlesen &raquo;\" \/>\n<meta property=\"og:url\" content=\"https:\/\/webdevelop-er.com\/de\/seite-datenschutz\/\" \/>\n<meta property=\"og:site_name\" content=\"Webovky za ka\u010dku\" \/>\n<meta property=\"article:modified_time\" content=\"2024-01-13T22:02:26+00:00\" \/>\n<meta name=\"twitter:card\" content=\"summary_large_image\" \/>\n<meta name=\"twitter:label1\" content=\"Gesch\u00e4tzte Lesezeit\" \/>\n\t<meta name=\"twitter:data1\" content=\"1\u00a0Minute\" \/>\n<script type=\"application\/ld+json\" class=\"yoast-schema-graph\">{\"@context\":\"https:\/\/schema.org\",\"@graph\":[{\"@type\":\"WebPage\",\"@id\":\"https:\/\/webdevelop-er.com\/de\/seite-datenschutz\/\",\"url\":\"https:\/\/webdevelop-er.com\/de\/seite-datenschutz\/\",\"name\":\"Seite Datenschutz - Webovky za ka\u010dku\",\"isPartOf\":{\"@id\":\"https:\/\/webdevelop-er.com\/de\/#website\"},\"datePublished\":\"2023-06-19T13:31:01+00:00\",\"dateModified\":\"2024-01-13T22:02:26+00:00\",\"breadcrumb\":{\"@id\":\"https:\/\/webdevelop-er.com\/de\/seite-datenschutz\/#breadcrumb\"},\"inLanguage\":\"de\",\"potentialAction\":[{\"@type\":\"ReadAction\",\"target\":[\"https:\/\/webdevelop-er.com\/de\/seite-datenschutz\/\"]}]},{\"@type\":\"BreadcrumbList\",\"@id\":\"https:\/\/webdevelop-er.com\/de\/seite-datenschutz\/#breadcrumb\",\"itemListElement\":[{\"@type\":\"ListItem\",\"position\":1,\"name\":\"Dom\u016f\",\"item\":\"https:\/\/webdevelop-er.com\/de\/\"},{\"@type\":\"ListItem\",\"position\":2,\"name\":\"Seite Datenschutz\"}]},{\"@type\":\"WebSite\",\"@id\":\"https:\/\/webdevelop-er.com\/de\/#website\",\"url\":\"https:\/\/webdevelop-er.com\/de\/\",\"name\":\"Webdevelop-er\",\"description\":\"Patrik Jones\",\"publisher\":{\"@id\":\"https:\/\/webdevelop-er.com\/de\/#organization\"},\"potentialAction\":[{\"@type\":\"SearchAction\",\"target\":{\"@type\":\"EntryPoint\",\"urlTemplate\":\"https:\/\/webdevelop-er.com\/de\/?s={search_term_string}\"},\"query-input\":\"required name=search_term_string\"}],\"inLanguage\":\"de\"},{\"@type\":\"Organization\",\"@id\":\"https:\/\/webdevelop-er.com\/de\/#organization\",\"name\":\"Webdevelop-er\",\"url\":\"https:\/\/webdevelop-er.com\/de\/\",\"logo\":{\"@type\":\"ImageObject\",\"inLanguage\":\"de\",\"@id\":\"https:\/\/webdevelop-er.com\/de\/#\/schema\/logo\/image\/\",\"url\":\"https:\/\/webdevelop-er.com\/wp-content\/uploads\/2021\/02\/webdeveloper-high-resolution-logo-transparent.png\",\"contentUrl\":\"https:\/\/webdevelop-er.com\/wp-content\/uploads\/2021\/02\/webdeveloper-high-resolution-logo-transparent.png\",\"width\":2000,\"height\":272,\"caption\":\"Webdevelop-er\"},\"image\":{\"@id\":\"https:\/\/webdevelop-er.com\/de\/#\/schema\/logo\/image\/\"}}]}<\/script>\n<!-- \/ Yoast SEO plugin. -->","yoast_head_json":{"title":"Seite Datenschutz - Webovky za ka\u010dku","robots":{"index":"index","follow":"follow","max-snippet":"max-snippet:-1","max-image-preview":"max-image-preview:large","max-video-preview":"max-video-preview:-1"},"canonical":"https:\/\/webdevelop-er.com\/de\/seite-datenschutz\/","og_locale":"de_DE","og_type":"article","og_title":"Seite Datenschutz - Webovky za ka\u010dku","og_description":"Der Schutz und die Sicherheit Ihrer pers\u00f6nlichen Daten hat f\u00fcr mich, wie auch f\u00fcr Patrik Jones, mit Sitz in \u0160kolsk\u00e1 612, 564 01 \u017damberk, ID: 17434297, eingetragen im Handelsregister, absolute Priorit\u00e4t. In meiner Funktion als f\u00fcr die Datenverarbeitung Verantwortlicher arbeite ich gem\u00e4\u00df der Verordnung (EU) Nr. 2016\/679 des Europ\u00e4ischen Parlaments und des Rates zum Schutz &hellip; Seite Datenschutz Weiterlesen &raquo;","og_url":"https:\/\/webdevelop-er.com\/de\/seite-datenschutz\/","og_site_name":"Webovky za ka\u010dku","article_modified_time":"2024-01-13T22:02:26+00:00","twitter_card":"summary_large_image","twitter_misc":{"Gesch\u00e4tzte Lesezeit":"1\u00a0Minute"},"schema":{"@context":"https:\/\/schema.org","@graph":[{"@type":"WebPage","@id":"https:\/\/webdevelop-er.com\/de\/seite-datenschutz\/","url":"https:\/\/webdevelop-er.com\/de\/seite-datenschutz\/","name":"Seite Datenschutz - Webovky za ka\u010dku","isPartOf":{"@id":"https:\/\/webdevelop-er.com\/de\/#website"},"datePublished":"2023-06-19T13:31:01+00:00","dateModified":"2024-01-13T22:02:26+00:00","breadcrumb":{"@id":"https:\/\/webdevelop-er.com\/de\/seite-datenschutz\/#breadcrumb"},"inLanguage":"de","potentialAction":[{"@type":"ReadAction","target":["https:\/\/webdevelop-er.com\/de\/seite-datenschutz\/"]}]},{"@type":"BreadcrumbList","@id":"https:\/\/webdevelop-er.com\/de\/seite-datenschutz\/#breadcrumb","itemListElement":[{"@type":"ListItem","position":1,"name":"Dom\u016f","item":"https:\/\/webdevelop-er.com\/de\/"},{"@type":"ListItem","position":2,"name":"Seite Datenschutz"}]},{"@type":"WebSite","@id":"https:\/\/webdevelop-er.com\/de\/#website","url":"https:\/\/webdevelop-er.com\/de\/","name":"Webdevelop-er","description":"Patrik Jones","publisher":{"@id":"https:\/\/webdevelop-er.com\/de\/#organization"},"potentialAction":[{"@type":"SearchAction","target":{"@type":"EntryPoint","urlTemplate":"https:\/\/webdevelop-er.com\/de\/?s={search_term_string}"},"query-input":"required name=search_term_string"}],"inLanguage":"de"},{"@type":"Organization","@id":"https:\/\/webdevelop-er.com\/de\/#organization","name":"Webdevelop-er","url":"https:\/\/webdevelop-er.com\/de\/","logo":{"@type":"ImageObject","inLanguage":"de","@id":"https:\/\/webdevelop-er.com\/de\/#\/schema\/logo\/image\/","url":"https:\/\/webdevelop-er.com\/wp-content\/uploads\/2021\/02\/webdeveloper-high-resolution-logo-transparent.png","contentUrl":"https:\/\/webdevelop-er.com\/wp-content\/uploads\/2021\/02\/webdeveloper-high-resolution-logo-transparent.png","width":2000,"height":272,"caption":"Webdevelop-er"},"image":{"@id":"https:\/\/webdevelop-er.com\/de\/#\/schema\/logo\/image\/"}}]}},"_links":{"self":[{"href":"https:\/\/webdevelop-er.com\/de\/wp-json\/wp\/v2\/pages\/3744","targetHints":{"allow":["GET"]}}],"collection":[{"href":"https:\/\/webdevelop-er.com\/de\/wp-json\/wp\/v2\/pages"}],"about":[{"href":"https:\/\/webdevelop-er.com\/de\/wp-json\/wp\/v2\/types\/page"}],"author":[{"embeddable":true,"href":"https:\/\/webdevelop-er.com\/de\/wp-json\/wp\/v2\/users\/1"}],"replies":[{"embeddable":true,"href":"https:\/\/webdevelop-er.com\/de\/wp-json\/wp\/v2\/comments?post=3744"}],"version-history":[{"count":1,"href":"https:\/\/webdevelop-er.com\/de\/wp-json\/wp\/v2\/pages\/3744\/revisions"}],"predecessor-version":[{"id":3745,"href":"https:\/\/webdevelop-er.com\/de\/wp-json\/wp\/v2\/pages\/3744\/revisions\/3745"}],"wp:attachment":[{"href":"https:\/\/webdevelop-er.com\/de\/wp-json\/wp\/v2\/media?parent=3744"}],"curies":[{"name":"wp","href":"https:\/\/api.w.org\/{rel}","templated":true}]}}